{"id":1240,"date":"2026-03-04T19:56:16","date_gmt":"2026-03-04T18:56:16","guid":{"rendered":"https:\/\/acweber.dk\/?page_id=1240"},"modified":"2026-05-01T14:09:53","modified_gmt":"2026-05-01T12:09:53","slug":"talforstaaelse","status":"publish","type":"page","link":"https:\/\/acweber.dk\/index.php\/talforstaaelse\/","title":{"rendered":"Talforst\u00e5else"},"content":{"rendered":"\n<h2 class=\"wp-block-heading\"><strong>Talforst\u00e5else<\/strong><\/h2>\n\n\n\n<p>Familiematematik med temaet <em>Talforst\u00e5else<\/em> og automatisering af sm\u00e5 additionsstykker.<\/p>\n\n\n\n<p>En god og veludviklet talforst\u00e5else er en vigtig del af b\u00f8rns matematiske udvikling. Det handler ikke kun om at kunne t\u00e6lle og regne, men om at forst\u00e5, hvad tal betyder, hvordan de h\u00e6nger sammen, og hvordan de kan bruges i hverdagen. P\u00e5 v\u00e6rkstederne i dette tema vil der blive arbejdet med tal p\u00e5 en legende og unders\u00f8gende m\u00e5de og for\u00e6ldrene f\u00e5r gennem spil og aktiviteter indblik i hvordan der arbejdes med talforst\u00e5else i undervisningen, samt aktiviteter der er nemme og lige til at lave derhjemme ogs\u00e5. <br><em>En sikker talforst\u00e5else er fundamentet og t\u00e6t forbundet med udviklingen af gode og fleksible regnestrategier.<\/em> Derfor er der i dette tema ogs\u00e5 v\u00e6rksteder hvor der arbejdes med 10&#8217;er venner og pluspar. En automatisering af disse regnestykker vil hj\u00e6lpe eleverne i deres arbejde med udvikling af gode og sikre regnestrategier.<br>Find alle materialer til workshoppen herunder.<\/p>\n\n\n\n<div class=\"wp-block-columns is-layout-flex wp-container-core-columns-is-layout-28f84493 wp-block-columns-is-layout-flex\">\n<div class=\"wp-block-column is-layout-flow wp-block-column-is-layout-flow\">\n<figure class=\"wp-block-image size-large\"><a href=\"https:\/\/acweber.dk\/wp-content\/uploads\/2025\/08\/Koeleskabsseddel-indskoling.pdf\" target=\"_blank\" rel=\" noreferrer noopener\"><img loading=\"lazy\" decoding=\"async\" width=\"1024\" height=\"1024\" src=\"https:\/\/acweber.dk\/wp-content\/uploads\/2026\/03\/Talforstaaelse-koeleskabsseddel-billede-1024x1024.png\" alt=\"\" class=\"wp-image-1359\" srcset=\"https:\/\/acweber.dk\/wp-content\/uploads\/2026\/03\/Talforstaaelse-koeleskabsseddel-billede-1024x1024.png 1024w, https:\/\/acweber.dk\/wp-content\/uploads\/2026\/03\/Talforstaaelse-koeleskabsseddel-billede-300x300.png 300w, https:\/\/acweber.dk\/wp-content\/uploads\/2026\/03\/Talforstaaelse-koeleskabsseddel-billede-150x150.png 150w, https:\/\/acweber.dk\/wp-content\/uploads\/2026\/03\/Talforstaaelse-koeleskabsseddel-billede-768x768.png 768w, https:\/\/acweber.dk\/wp-content\/uploads\/2026\/03\/Talforstaaelse-koeleskabsseddel-billede.png 1080w\" sizes=\"auto, (max-width: 1024px) 100vw, 1024px\" \/><\/a><\/figure>\n<\/div>\n\n\n\n<div class=\"wp-block-column is-layout-flow wp-block-column-is-layout-flow\">\n<figure class=\"wp-block-image size-large\"><a href=\"https:\/\/acweber.dk\/wp-content\/uploads\/2026\/05\/Talforstaaelse-foraeldrehaefte.pdf\" target=\"_blank\" rel=\" noreferrer noopener\"><img loading=\"lazy\" decoding=\"async\" width=\"1024\" height=\"1024\" src=\"https:\/\/acweber.dk\/wp-content\/uploads\/2026\/03\/Talforstaaelse-foraeldrehaefte-billede-1024x1024.png\" alt=\"\" class=\"wp-image-1361\" srcset=\"https:\/\/acweber.dk\/wp-content\/uploads\/2026\/03\/Talforstaaelse-foraeldrehaefte-billede-1024x1024.png 1024w, https:\/\/acweber.dk\/wp-content\/uploads\/2026\/03\/Talforstaaelse-foraeldrehaefte-billede-300x300.png 300w, https:\/\/acweber.dk\/wp-content\/uploads\/2026\/03\/Talforstaaelse-foraeldrehaefte-billede-150x150.png 150w, https:\/\/acweber.dk\/wp-content\/uploads\/2026\/03\/Talforstaaelse-foraeldrehaefte-billede-768x768.png 768w, https:\/\/acweber.dk\/wp-content\/uploads\/2026\/03\/Talforstaaelse-foraeldrehaefte-billede.png 1080w\" sizes=\"auto, (max-width: 1024px) 100vw, 1024px\" \/><\/a><\/figure>\n<\/div>\n\n\n\n<div class=\"wp-block-column is-layout-flow wp-block-column-is-layout-flow\">\n<figure class=\"wp-block-image size-large\"><a href=\"https:\/\/acweber.dk\/wp-content\/uploads\/2026\/05\/Talforstaaelse-vejledning-og-vaerkstedsark.pdf\" target=\"_blank\" rel=\" noreferrer noopener\"><img loading=\"lazy\" decoding=\"async\" width=\"1024\" height=\"1024\" src=\"https:\/\/acweber.dk\/wp-content\/uploads\/2026\/03\/Talforstaaelse-vejledning-og-vaerkstedark-billede-1024x1024.png\" alt=\"\" class=\"wp-image-1360\" srcset=\"https:\/\/acweber.dk\/wp-content\/uploads\/2026\/03\/Talforstaaelse-vejledning-og-vaerkstedark-billede-1024x1024.png 1024w, https:\/\/acweber.dk\/wp-content\/uploads\/2026\/03\/Talforstaaelse-vejledning-og-vaerkstedark-billede-300x300.png 300w, https:\/\/acweber.dk\/wp-content\/uploads\/2026\/03\/Talforstaaelse-vejledning-og-vaerkstedark-billede-150x150.png 150w, https:\/\/acweber.dk\/wp-content\/uploads\/2026\/03\/Talforstaaelse-vejledning-og-vaerkstedark-billede-768x768.png 768w, https:\/\/acweber.dk\/wp-content\/uploads\/2026\/03\/Talforstaaelse-vejledning-og-vaerkstedark-billede.png 1080w\" sizes=\"auto, (max-width: 1024px) 100vw, 1024px\" \/><\/a><\/figure>\n<\/div>\n\n\n\n<div class=\"wp-block-column is-layout-flow wp-block-column-is-layout-flow\"><\/div>\n<\/div>\n\n\n\n<div class=\"wp-block-columns is-layout-flex wp-container-core-columns-is-layout-28f84493 wp-block-columns-is-layout-flex\">\n<div class=\"wp-block-column is-layout-flow wp-block-column-is-layout-flow\">\n<figure class=\"wp-block-image size-large\"><a href=\"https:\/\/acweber.dk\/wp-content\/uploads\/2026\/03\/Talforstaaelse-Taellekort.pdf\" target=\"_blank\" rel=\" noreferrer noopener\"><img loading=\"lazy\" decoding=\"async\" width=\"1024\" height=\"1024\" src=\"https:\/\/acweber.dk\/wp-content\/uploads\/2026\/03\/Talforstaaelse-taellekort-billede-1024x1024.png\" alt=\"\" class=\"wp-image-1352\" srcset=\"https:\/\/acweber.dk\/wp-content\/uploads\/2026\/03\/Talforstaaelse-taellekort-billede-1024x1024.png 1024w, https:\/\/acweber.dk\/wp-content\/uploads\/2026\/03\/Talforstaaelse-taellekort-billede-300x300.png 300w, https:\/\/acweber.dk\/wp-content\/uploads\/2026\/03\/Talforstaaelse-taellekort-billede-150x150.png 150w, https:\/\/acweber.dk\/wp-content\/uploads\/2026\/03\/Talforstaaelse-taellekort-billede-768x768.png 768w, https:\/\/acweber.dk\/wp-content\/uploads\/2026\/03\/Talforstaaelse-taellekort-billede.png 1080w\" sizes=\"auto, (max-width: 1024px) 100vw, 1024px\" \/><\/a><\/figure>\n<\/div>\n\n\n\n<div class=\"wp-block-column is-layout-flow wp-block-column-is-layout-flow\">\n<figure class=\"wp-block-image size-large\"><a href=\"https:\/\/acweber.dk\/wp-content\/uploads\/2026\/03\/Talforstaaelse-eksempel-taellekort.pdf\" target=\"_blank\" rel=\" noreferrer noopener\"><img loading=\"lazy\" decoding=\"async\" width=\"1024\" height=\"1024\" src=\"https:\/\/acweber.dk\/wp-content\/uploads\/2026\/03\/Talforstaaelse-eksempel-taellekort-billede-1024x1024.png\" alt=\"\" class=\"wp-image-1353\" srcset=\"https:\/\/acweber.dk\/wp-content\/uploads\/2026\/03\/Talforstaaelse-eksempel-taellekort-billede-1024x1024.png 1024w, https:\/\/acweber.dk\/wp-content\/uploads\/2026\/03\/Talforstaaelse-eksempel-taellekort-billede-300x300.png 300w, https:\/\/acweber.dk\/wp-content\/uploads\/2026\/03\/Talforstaaelse-eksempel-taellekort-billede-150x150.png 150w, https:\/\/acweber.dk\/wp-content\/uploads\/2026\/03\/Talforstaaelse-eksempel-taellekort-billede-768x768.png 768w, https:\/\/acweber.dk\/wp-content\/uploads\/2026\/03\/Talforstaaelse-eksempel-taellekort-billede.png 1080w\" sizes=\"auto, (max-width: 1024px) 100vw, 1024px\" \/><\/a><\/figure>\n<\/div>\n\n\n\n<div class=\"wp-block-column is-layout-flow wp-block-column-is-layout-flow\">\n<figure class=\"wp-block-image size-large\"><a href=\"https:\/\/acweber.dk\/wp-content\/uploads\/2026\/03\/Talforstaaelse-taltavle.pdf\" target=\"_blank\" rel=\" noreferrer noopener\"><img loading=\"lazy\" decoding=\"async\" width=\"1024\" height=\"1024\" src=\"https:\/\/acweber.dk\/wp-content\/uploads\/2026\/03\/Talforstaaelse-taltavle-billede-1-1024x1024.png\" alt=\"\" class=\"wp-image-1339\" srcset=\"https:\/\/acweber.dk\/wp-content\/uploads\/2026\/03\/Talforstaaelse-taltavle-billede-1-1024x1024.png 1024w, https:\/\/acweber.dk\/wp-content\/uploads\/2026\/03\/Talforstaaelse-taltavle-billede-1-300x300.png 300w, https:\/\/acweber.dk\/wp-content\/uploads\/2026\/03\/Talforstaaelse-taltavle-billede-1-150x150.png 150w, https:\/\/acweber.dk\/wp-content\/uploads\/2026\/03\/Talforstaaelse-taltavle-billede-1-768x768.png 768w, https:\/\/acweber.dk\/wp-content\/uploads\/2026\/03\/Talforstaaelse-taltavle-billede-1.png 1080w\" sizes=\"auto, (max-width: 1024px) 100vw, 1024px\" \/><\/a><\/figure>\n<\/div>\n\n\n\n<div class=\"wp-block-column is-layout-flow wp-block-column-is-layout-flow\">\n<figure class=\"wp-block-image size-large\"><a href=\"https:\/\/acweber.dk\/wp-content\/uploads\/2026\/03\/Talforstaaelse-talkort.pdf\" target=\"_blank\" rel=\" noreferrer noopener\"><img loading=\"lazy\" decoding=\"async\" width=\"1024\" height=\"1024\" src=\"https:\/\/acweber.dk\/wp-content\/uploads\/2026\/03\/Talforstaaelse-talkort-billede-1-1024x1024.png\" alt=\"\" class=\"wp-image-1340\" srcset=\"https:\/\/acweber.dk\/wp-content\/uploads\/2026\/03\/Talforstaaelse-talkort-billede-1-1024x1024.png 1024w, https:\/\/acweber.dk\/wp-content\/uploads\/2026\/03\/Talforstaaelse-talkort-billede-1-300x300.png 300w, https:\/\/acweber.dk\/wp-content\/uploads\/2026\/03\/Talforstaaelse-talkort-billede-1-150x150.png 150w, https:\/\/acweber.dk\/wp-content\/uploads\/2026\/03\/Talforstaaelse-talkort-billede-1-768x768.png 768w, https:\/\/acweber.dk\/wp-content\/uploads\/2026\/03\/Talforstaaelse-talkort-billede-1.png 1080w\" sizes=\"auto, (max-width: 1024px) 100vw, 1024px\" \/><\/a><\/figure>\n<\/div>\n<\/div>\n\n\n\n<div class=\"wp-block-columns is-layout-flex wp-container-core-columns-is-layout-28f84493 wp-block-columns-is-layout-flex\">\n<div class=\"wp-block-column is-layout-flow wp-block-column-is-layout-flow\">\n<figure class=\"wp-block-image size-large\"><a href=\"https:\/\/acweber.dk\/wp-content\/uploads\/2026\/03\/Talforstaaelse-aaben-tallinje.pdf\" target=\"_blank\" rel=\" noreferrer noopener\"><img loading=\"lazy\" decoding=\"async\" width=\"1024\" height=\"1024\" src=\"https:\/\/acweber.dk\/wp-content\/uploads\/2026\/03\/Talforstaaelse-aaben-tallinje-billede-1024x1024.png\" alt=\"\" class=\"wp-image-1351\" srcset=\"https:\/\/acweber.dk\/wp-content\/uploads\/2026\/03\/Talforstaaelse-aaben-tallinje-billede-1024x1024.png 1024w, https:\/\/acweber.dk\/wp-content\/uploads\/2026\/03\/Talforstaaelse-aaben-tallinje-billede-300x300.png 300w, https:\/\/acweber.dk\/wp-content\/uploads\/2026\/03\/Talforstaaelse-aaben-tallinje-billede-150x150.png 150w, https:\/\/acweber.dk\/wp-content\/uploads\/2026\/03\/Talforstaaelse-aaben-tallinje-billede-768x768.png 768w, https:\/\/acweber.dk\/wp-content\/uploads\/2026\/03\/Talforstaaelse-aaben-tallinje-billede.png 1080w\" sizes=\"auto, (max-width: 1024px) 100vw, 1024px\" \/><\/a><\/figure>\n<\/div>\n\n\n\n<div class=\"wp-block-column is-layout-flow wp-block-column-is-layout-flow\">\n<figure class=\"wp-block-image size-large\"><a href=\"https:\/\/acweber.dk\/wp-content\/uploads\/2026\/03\/Bilkort-2-positioner.pdf\" target=\"_blank\" rel=\" noreferrer noopener\"><img loading=\"lazy\" decoding=\"async\" width=\"1024\" height=\"1024\" src=\"https:\/\/acweber.dk\/wp-content\/uploads\/2026\/03\/Talforstaaelse-bilkort-2-positioner-1024x1024.png\" alt=\"\" class=\"wp-image-1342\" srcset=\"https:\/\/acweber.dk\/wp-content\/uploads\/2026\/03\/Talforstaaelse-bilkort-2-positioner-1024x1024.png 1024w, https:\/\/acweber.dk\/wp-content\/uploads\/2026\/03\/Talforstaaelse-bilkort-2-positioner-300x300.png 300w, https:\/\/acweber.dk\/wp-content\/uploads\/2026\/03\/Talforstaaelse-bilkort-2-positioner-150x150.png 150w, https:\/\/acweber.dk\/wp-content\/uploads\/2026\/03\/Talforstaaelse-bilkort-2-positioner-768x768.png 768w, https:\/\/acweber.dk\/wp-content\/uploads\/2026\/03\/Talforstaaelse-bilkort-2-positioner.png 1080w\" sizes=\"auto, (max-width: 1024px) 100vw, 1024px\" \/><\/a><\/figure>\n<\/div>\n\n\n\n<div class=\"wp-block-column is-layout-flow wp-block-column-is-layout-flow\">\n<figure class=\"wp-block-image size-large\"><a href=\"https:\/\/acweber.dk\/wp-content\/uploads\/2026\/03\/Bilkort-3-positioner.pdf\" target=\"_blank\" rel=\" noreferrer noopener\"><img loading=\"lazy\" decoding=\"async\" width=\"1024\" height=\"1024\" src=\"https:\/\/acweber.dk\/wp-content\/uploads\/2026\/03\/Talforstaaelse-bilkort-3-positioner-1024x1024.png\" alt=\"\" class=\"wp-image-1343\" srcset=\"https:\/\/acweber.dk\/wp-content\/uploads\/2026\/03\/Talforstaaelse-bilkort-3-positioner-1024x1024.png 1024w, https:\/\/acweber.dk\/wp-content\/uploads\/2026\/03\/Talforstaaelse-bilkort-3-positioner-300x300.png 300w, https:\/\/acweber.dk\/wp-content\/uploads\/2026\/03\/Talforstaaelse-bilkort-3-positioner-150x150.png 150w, https:\/\/acweber.dk\/wp-content\/uploads\/2026\/03\/Talforstaaelse-bilkort-3-positioner-768x768.png 768w, https:\/\/acweber.dk\/wp-content\/uploads\/2026\/03\/Talforstaaelse-bilkort-3-positioner.png 1080w\" sizes=\"auto, (max-width: 1024px) 100vw, 1024px\" \/><\/a><\/figure>\n<\/div>\n\n\n\n<div class=\"wp-block-column is-layout-flow wp-block-column-is-layout-flow\">\n<figure class=\"wp-block-image size-large\"><a href=\"https:\/\/acweber.dk\/wp-content\/uploads\/2026\/05\/Talforstaaelse-aeggebakke.pdf\" target=\"_blank\" rel=\" noreferrer noopener\"><img loading=\"lazy\" decoding=\"async\" width=\"1024\" height=\"1024\" src=\"https:\/\/acweber.dk\/wp-content\/uploads\/2026\/05\/Talforstaaelse-aeggebakke-billede-1024x1024.png\" alt=\"\" class=\"wp-image-1466\" srcset=\"https:\/\/acweber.dk\/wp-content\/uploads\/2026\/05\/Talforstaaelse-aeggebakke-billede-1024x1024.png 1024w, https:\/\/acweber.dk\/wp-content\/uploads\/2026\/05\/Talforstaaelse-aeggebakke-billede-300x300.png 300w, https:\/\/acweber.dk\/wp-content\/uploads\/2026\/05\/Talforstaaelse-aeggebakke-billede-150x150.png 150w, https:\/\/acweber.dk\/wp-content\/uploads\/2026\/05\/Talforstaaelse-aeggebakke-billede-768x768.png 768w, https:\/\/acweber.dk\/wp-content\/uploads\/2026\/05\/Talforstaaelse-aeggebakke-billede.png 1080w\" sizes=\"auto, (max-width: 1024px) 100vw, 1024px\" \/><\/a><\/figure>\n<\/div>\n<\/div>\n\n\n\n<div class=\"wp-block-columns is-layout-flex wp-container-core-columns-is-layout-28f84493 wp-block-columns-is-layout-flex\">\n<div class=\"wp-block-column is-layout-flow wp-block-column-is-layout-flow\">\n<figure class=\"wp-block-image size-large\"><a href=\"https:\/\/acweber.dk\/wp-content\/uploads\/2026\/05\/Talforstaaelse-hentediktat-10er-venner.pdf\" target=\"_blank\" rel=\" noreferrer noopener\"><img loading=\"lazy\" decoding=\"async\" width=\"1024\" height=\"1024\" src=\"https:\/\/acweber.dk\/wp-content\/uploads\/2026\/05\/Talforstaaelse-hentediktat-10er-venner-billede-1024x1024.png\" alt=\"\" class=\"wp-image-1448\" srcset=\"https:\/\/acweber.dk\/wp-content\/uploads\/2026\/05\/Talforstaaelse-hentediktat-10er-venner-billede-1024x1024.png 1024w, https:\/\/acweber.dk\/wp-content\/uploads\/2026\/05\/Talforstaaelse-hentediktat-10er-venner-billede-300x300.png 300w, https:\/\/acweber.dk\/wp-content\/uploads\/2026\/05\/Talforstaaelse-hentediktat-10er-venner-billede-150x150.png 150w, https:\/\/acweber.dk\/wp-content\/uploads\/2026\/05\/Talforstaaelse-hentediktat-10er-venner-billede-768x768.png 768w, https:\/\/acweber.dk\/wp-content\/uploads\/2026\/05\/Talforstaaelse-hentediktat-10er-venner-billede.png 1080w\" sizes=\"auto, (max-width: 1024px) 100vw, 1024px\" \/><\/a><\/figure>\n<\/div>\n\n\n\n<div class=\"wp-block-column is-layout-flow wp-block-column-is-layout-flow\">\n<figure class=\"wp-block-image size-large\"><a href=\"https:\/\/acweber.dk\/wp-content\/uploads\/2026\/05\/Talforstaaelse-hentediktat-100er-venner.pdf\" target=\"_blank\" rel=\" noreferrer noopener\"><img loading=\"lazy\" decoding=\"async\" width=\"1024\" height=\"1024\" src=\"https:\/\/acweber.dk\/wp-content\/uploads\/2026\/05\/Talforstaaelse-hentediktat-100er-venner-billede-1024x1024.png\" alt=\"\" class=\"wp-image-1449\" srcset=\"https:\/\/acweber.dk\/wp-content\/uploads\/2026\/05\/Talforstaaelse-hentediktat-100er-venner-billede-1024x1024.png 1024w, https:\/\/acweber.dk\/wp-content\/uploads\/2026\/05\/Talforstaaelse-hentediktat-100er-venner-billede-300x300.png 300w, https:\/\/acweber.dk\/wp-content\/uploads\/2026\/05\/Talforstaaelse-hentediktat-100er-venner-billede-150x150.png 150w, https:\/\/acweber.dk\/wp-content\/uploads\/2026\/05\/Talforstaaelse-hentediktat-100er-venner-billede-768x768.png 768w, https:\/\/acweber.dk\/wp-content\/uploads\/2026\/05\/Talforstaaelse-hentediktat-100er-venner-billede.png 1080w\" sizes=\"auto, (max-width: 1024px) 100vw, 1024px\" \/><\/a><\/figure>\n<\/div>\n\n\n\n<div class=\"wp-block-column is-layout-flow wp-block-column-is-layout-flow\">\n<figure class=\"wp-block-image size-large\"><a href=\"https:\/\/acweber.dk\/wp-content\/uploads\/2026\/05\/Talforstaaelse-hentediktat-pluspar.pdf\" target=\"_blank\" rel=\" noreferrer noopener\"><img loading=\"lazy\" decoding=\"async\" width=\"1024\" height=\"1024\" src=\"https:\/\/acweber.dk\/wp-content\/uploads\/2026\/05\/Talforstaaelse-hentediktat-pluspar-billede-1024x1024.png\" alt=\"\" class=\"wp-image-1450\" srcset=\"https:\/\/acweber.dk\/wp-content\/uploads\/2026\/05\/Talforstaaelse-hentediktat-pluspar-billede-1024x1024.png 1024w, https:\/\/acweber.dk\/wp-content\/uploads\/2026\/05\/Talforstaaelse-hentediktat-pluspar-billede-300x300.png 300w, https:\/\/acweber.dk\/wp-content\/uploads\/2026\/05\/Talforstaaelse-hentediktat-pluspar-billede-150x150.png 150w, https:\/\/acweber.dk\/wp-content\/uploads\/2026\/05\/Talforstaaelse-hentediktat-pluspar-billede-768x768.png 768w, https:\/\/acweber.dk\/wp-content\/uploads\/2026\/05\/Talforstaaelse-hentediktat-pluspar-billede.png 1080w\" sizes=\"auto, (max-width: 1024px) 100vw, 1024px\" \/><\/a><\/figure>\n<\/div>\n\n\n\n<div class=\"wp-block-column is-layout-flow wp-block-column-is-layout-flow\">\n<figure class=\"wp-block-image size-large\"><a href=\"https:\/\/acweber.dk\/wp-content\/uploads\/2026\/05\/Talforstaaelse-hentediktat-store-pluspar.pdf\" target=\"_blank\" rel=\" noreferrer noopener\"><img loading=\"lazy\" decoding=\"async\" width=\"1024\" height=\"1024\" src=\"https:\/\/acweber.dk\/wp-content\/uploads\/2026\/05\/Talforstaaelse-hentediktat-Store-pluspar-billede-1024x1024.png\" alt=\"\" class=\"wp-image-1451\" srcset=\"https:\/\/acweber.dk\/wp-content\/uploads\/2026\/05\/Talforstaaelse-hentediktat-Store-pluspar-billede-1024x1024.png 1024w, https:\/\/acweber.dk\/wp-content\/uploads\/2026\/05\/Talforstaaelse-hentediktat-Store-pluspar-billede-300x300.png 300w, https:\/\/acweber.dk\/wp-content\/uploads\/2026\/05\/Talforstaaelse-hentediktat-Store-pluspar-billede-150x150.png 150w, https:\/\/acweber.dk\/wp-content\/uploads\/2026\/05\/Talforstaaelse-hentediktat-Store-pluspar-billede-768x768.png 768w, https:\/\/acweber.dk\/wp-content\/uploads\/2026\/05\/Talforstaaelse-hentediktat-Store-pluspar-billede.png 1080w\" sizes=\"auto, (max-width: 1024px) 100vw, 1024px\" \/><\/a><\/figure>\n<\/div>\n<\/div>\n\n\n\n<p><\/p>\n","protected":false},"excerpt":{"rendered":"<p>Talforst\u00e5else Familiematematik med temaet Talforst\u00e5else og automatisering af sm\u00e5 additionsstykker. En god og veludviklet talforst\u00e5else er en vigtig del af b\u00f8rns matematiske udvikling. Det handler ikke kun om at kunne t\u00e6lle og regne, men om at forst\u00e5, hvad tal betyder, hvordan de h\u00e6nger sammen, og hvordan de kan bruges i hverdagen. P\u00e5 v\u00e6rkstederne i dette [&hellip;]<\/p>\n","protected":false},"author":2,"featured_media":0,"parent":0,"menu_order":0,"comment_status":"closed","ping_status":"closed","template":"","meta":{"footnotes":""},"class_list":["post-1240","page","type-page","status-publish","hentry"],"_links":{"self":[{"href":"https:\/\/acweber.dk\/index.php\/wp-json\/wp\/v2\/pages\/1240","targetHints":{"allow":["GET"]}}],"collection":[{"href":"https:\/\/acweber.dk\/index.php\/wp-json\/wp\/v2\/pages"}],"about":[{"href":"https:\/\/acweber.dk\/index.php\/wp-json\/wp\/v2\/types\/page"}],"author":[{"embeddable":true,"href":"https:\/\/acweber.dk\/index.php\/wp-json\/wp\/v2\/users\/2"}],"replies":[{"embeddable":true,"href":"https:\/\/acweber.dk\/index.php\/wp-json\/wp\/v2\/comments?post=1240"}],"version-history":[{"count":36,"href":"https:\/\/acweber.dk\/index.php\/wp-json\/wp\/v2\/pages\/1240\/revisions"}],"predecessor-version":[{"id":1479,"href":"https:\/\/acweber.dk\/index.php\/wp-json\/wp\/v2\/pages\/1240\/revisions\/1479"}],"wp:attachment":[{"href":"https:\/\/acweber.dk\/index.php\/wp-json\/wp\/v2\/media?parent=1240"}],"curies":[{"name":"wp","href":"https:\/\/api.w.org\/{rel}","templated":true}]}}