{"id":1242,"date":"2026-03-04T19:57:10","date_gmt":"2026-03-04T18:57:10","guid":{"rendered":"https:\/\/acweber.dk\/?page_id=1242"},"modified":"2026-03-25T22:41:43","modified_gmt":"2026-03-25T21:41:43","slug":"matematik-alle-vegne","status":"publish","type":"page","link":"https:\/\/acweber.dk\/index.php\/matematik-alle-vegne\/","title":{"rendered":"Matematik alle vegne"},"content":{"rendered":"\n<h2 class=\"wp-block-heading\"><strong>Matematik alle vegne<\/strong><\/h2>\n\n\n\n<p>Familiematematik med temaet <em>matematik alle vegne<\/em> i starten af indskolingen har jeg delt i tre temaer. <br>Man kan v\u00e6lge at holde <strong>tre <\/strong>workshops, eller m\u00e5ske sl\u00e5 dem sammen til <strong>en<\/strong> eller <strong>to<\/strong>, hvis tiden er presset. <br>Vigtigst af alt er at for\u00e6ldre og elever oplever at arbejde og lege med <em>matematik alle vegne.<\/em> <\/p>\n\n\n\n<p>Find materialer til de forskellige temaer herunder.<\/p>\n\n\n\n<div class=\"wp-block-columns is-layout-flex wp-container-core-columns-is-layout-28f84493 wp-block-columns-is-layout-flex\">\n<div class=\"wp-block-column is-layout-flow wp-block-column-is-layout-flow\">\n<div class=\"wp-block-columns is-layout-flex wp-container-core-columns-is-layout-28f84493 wp-block-columns-is-layout-flex\">\n<div class=\"wp-block-column is-layout-flow wp-block-column-is-layout-flow\">\n<figure class=\"wp-block-image size-large\"><a href=\"https:\/\/acweber.dk\/index.php\/matematik-paa-tur\/\"><img loading=\"lazy\" decoding=\"async\" width=\"1024\" height=\"1024\" src=\"https:\/\/acweber.dk\/wp-content\/uploads\/2026\/03\/Matematik-paa-tur-billede-1-1024x1024.png\" alt=\"\" class=\"wp-image-1252\" srcset=\"https:\/\/acweber.dk\/wp-content\/uploads\/2026\/03\/Matematik-paa-tur-billede-1-1024x1024.png 1024w, https:\/\/acweber.dk\/wp-content\/uploads\/2026\/03\/Matematik-paa-tur-billede-1-300x300.png 300w, https:\/\/acweber.dk\/wp-content\/uploads\/2026\/03\/Matematik-paa-tur-billede-1-150x150.png 150w, https:\/\/acweber.dk\/wp-content\/uploads\/2026\/03\/Matematik-paa-tur-billede-1-768x768.png 768w, https:\/\/acweber.dk\/wp-content\/uploads\/2026\/03\/Matematik-paa-tur-billede-1.png 1080w\" sizes=\"auto, (max-width: 1024px) 100vw, 1024px\" \/><\/a><\/figure>\n<\/div>\n<\/div>\n<\/div>\n\n\n\n<div class=\"wp-block-column is-layout-flow wp-block-column-is-layout-flow\">\n<figure class=\"wp-block-image size-large\"><a href=\"https:\/\/acweber.dk\/index.php\/matematik-i-spil-og-leg\/\"><img loading=\"lazy\" decoding=\"async\" width=\"1024\" height=\"1024\" src=\"https:\/\/acweber.dk\/wp-content\/uploads\/2026\/03\/Matematik-i-spil-billede-1-1024x1024.png\" alt=\"\" class=\"wp-image-1251\" srcset=\"https:\/\/acweber.dk\/wp-content\/uploads\/2026\/03\/Matematik-i-spil-billede-1-1024x1024.png 1024w, https:\/\/acweber.dk\/wp-content\/uploads\/2026\/03\/Matematik-i-spil-billede-1-300x300.png 300w, https:\/\/acweber.dk\/wp-content\/uploads\/2026\/03\/Matematik-i-spil-billede-1-150x150.png 150w, https:\/\/acweber.dk\/wp-content\/uploads\/2026\/03\/Matematik-i-spil-billede-1-768x768.png 768w, https:\/\/acweber.dk\/wp-content\/uploads\/2026\/03\/Matematik-i-spil-billede-1.png 1080w\" sizes=\"auto, (max-width: 1024px) 100vw, 1024px\" \/><\/a><\/figure>\n<\/div>\n\n\n\n<div class=\"wp-block-column is-layout-flow wp-block-column-is-layout-flow\">\n<figure class=\"wp-block-image size-large\"><a href=\"https:\/\/acweber.dk\/index.php\/matematik-i-koekkenet\/\"><img loading=\"lazy\" decoding=\"async\" width=\"1024\" height=\"1024\" src=\"https:\/\/acweber.dk\/wp-content\/uploads\/2026\/03\/Matematik-i-koekkenet-billede-1-1024x1024.png\" alt=\"\" class=\"wp-image-1253\" srcset=\"https:\/\/acweber.dk\/wp-content\/uploads\/2026\/03\/Matematik-i-koekkenet-billede-1-1024x1024.png 1024w, https:\/\/acweber.dk\/wp-content\/uploads\/2026\/03\/Matematik-i-koekkenet-billede-1-300x300.png 300w, https:\/\/acweber.dk\/wp-content\/uploads\/2026\/03\/Matematik-i-koekkenet-billede-1-150x150.png 150w, https:\/\/acweber.dk\/wp-content\/uploads\/2026\/03\/Matematik-i-koekkenet-billede-1-768x768.png 768w, https:\/\/acweber.dk\/wp-content\/uploads\/2026\/03\/Matematik-i-koekkenet-billede-1.png 1080w\" sizes=\"auto, (max-width: 1024px) 100vw, 1024px\" \/><\/a><\/figure>\n<\/div>\n<\/div>\n\n\n\n<p><\/p>\n","protected":false},"excerpt":{"rendered":"<p>Matematik alle vegne Familiematematik med temaet matematik alle vegne i starten af indskolingen har jeg delt i tre temaer. Man kan v\u00e6lge at holde tre workshops, eller m\u00e5ske sl\u00e5 dem sammen til en eller to, hvis tiden er presset. Vigtigst af alt er at for\u00e6ldre og elever oplever at arbejde og lege med matematik alle [&hellip;]<\/p>\n","protected":false},"author":2,"featured_media":0,"parent":0,"menu_order":0,"comment_status":"closed","ping_status":"closed","template":"","meta":{"footnotes":""},"class_list":["post-1242","page","type-page","status-publish","hentry"],"_links":{"self":[{"href":"https:\/\/acweber.dk\/index.php\/wp-json\/wp\/v2\/pages\/1242","targetHints":{"allow":["GET"]}}],"collection":[{"href":"https:\/\/acweber.dk\/index.php\/wp-json\/wp\/v2\/pages"}],"about":[{"href":"https:\/\/acweber.dk\/index.php\/wp-json\/wp\/v2\/types\/page"}],"author":[{"embeddable":true,"href":"https:\/\/acweber.dk\/index.php\/wp-json\/wp\/v2\/users\/2"}],"replies":[{"embeddable":true,"href":"https:\/\/acweber.dk\/index.php\/wp-json\/wp\/v2\/comments?post=1242"}],"version-history":[{"count":7,"href":"https:\/\/acweber.dk\/index.php\/wp-json\/wp\/v2\/pages\/1242\/revisions"}],"predecessor-version":[{"id":1334,"href":"https:\/\/acweber.dk\/index.php\/wp-json\/wp\/v2\/pages\/1242\/revisions\/1334"}],"wp:attachment":[{"href":"https:\/\/acweber.dk\/index.php\/wp-json\/wp\/v2\/media?parent=1242"}],"curies":[{"name":"wp","href":"https:\/\/api.w.org\/{rel}","templated":true}]}}