{"id":54,"date":"2023-09-19T20:34:44","date_gmt":"2023-09-19T18:34:44","guid":{"rendered":"https:\/\/acweber.dk\/?page_id=54"},"modified":"2026-03-18T23:18:22","modified_gmt":"2026-03-18T22:18:22","slug":"forside","status":"publish","type":"page","link":"https:\/\/acweber.dk\/","title":{"rendered":"Forside"},"content":{"rendered":"\n\n\n<div class=\"wp-block-columns is-layout-flex wp-container-core-columns-is-layout-28f84493 wp-block-columns-is-layout-flex\">\n<div class=\"wp-block-column is-layout-flow wp-block-column-is-layout-flow\">\n<figure class=\"wp-block-image size-large is-resized\"><a href=\"https:\/\/acweber.dk\/index.php\/materialer\/\"><img loading=\"lazy\" decoding=\"async\" width=\"1024\" height=\"1024\" src=\"https:\/\/acweber.dk\/wp-content\/uploads\/2023\/09\/6-1-1024x1024.png\" alt=\"\" class=\"wp-image-148\" style=\"object-fit:cover;width:400px;height:400px\" srcset=\"https:\/\/acweber.dk\/wp-content\/uploads\/2023\/09\/6-1-1024x1024.png 1024w, https:\/\/acweber.dk\/wp-content\/uploads\/2023\/09\/6-1-300x300.png 300w, https:\/\/acweber.dk\/wp-content\/uploads\/2023\/09\/6-1-150x150.png 150w, https:\/\/acweber.dk\/wp-content\/uploads\/2023\/09\/6-1-768x768.png 768w, https:\/\/acweber.dk\/wp-content\/uploads\/2023\/09\/6-1.png 1080w\" sizes=\"auto, (max-width: 1024px) 100vw, 1024px\" \/><\/a><\/figure>\n<\/div>\n\n\n\n<div class=\"wp-block-column is-layout-flow wp-block-column-is-layout-flow\">\n<figure class=\"wp-block-image size-large is-resized\"><a href=\"https:\/\/acweber.dk\/index.php\/udgivelser\/\"><img loading=\"lazy\" decoding=\"async\" width=\"1024\" height=\"1024\" src=\"https:\/\/acweber.dk\/wp-content\/uploads\/2023\/09\/7-1-1024x1024.png\" alt=\"\" class=\"wp-image-149\" style=\"object-fit:cover;width:400px;height:400px\" srcset=\"https:\/\/acweber.dk\/wp-content\/uploads\/2023\/09\/7-1-1024x1024.png 1024w, https:\/\/acweber.dk\/wp-content\/uploads\/2023\/09\/7-1-300x300.png 300w, https:\/\/acweber.dk\/wp-content\/uploads\/2023\/09\/7-1-150x150.png 150w, https:\/\/acweber.dk\/wp-content\/uploads\/2023\/09\/7-1-768x768.png 768w, https:\/\/acweber.dk\/wp-content\/uploads\/2023\/09\/7-1.png 1080w\" sizes=\"auto, (max-width: 1024px) 100vw, 1024px\" \/><\/a><\/figure>\n<\/div>\n\n\n\n<div class=\"wp-block-column is-layout-flow wp-block-column-is-layout-flow\">\n<figure class=\"wp-block-image size-large is-resized\"><a href=\"https:\/\/acweber.dk\/index.php\/familiematematik\/\"><img loading=\"lazy\" decoding=\"async\" width=\"1024\" height=\"1024\" src=\"https:\/\/acweber.dk\/wp-content\/uploads\/2023\/09\/8-1-1024x1024.png\" alt=\"\" class=\"wp-image-150\" style=\"object-fit:cover;width:400px;height:400px\" srcset=\"https:\/\/acweber.dk\/wp-content\/uploads\/2023\/09\/8-1-1024x1024.png 1024w, https:\/\/acweber.dk\/wp-content\/uploads\/2023\/09\/8-1-300x300.png 300w, https:\/\/acweber.dk\/wp-content\/uploads\/2023\/09\/8-1-150x150.png 150w, https:\/\/acweber.dk\/wp-content\/uploads\/2023\/09\/8-1-768x768.png 768w, https:\/\/acweber.dk\/wp-content\/uploads\/2023\/09\/8-1.png 1080w\" sizes=\"auto, (max-width: 1024px) 100vw, 1024px\" \/><\/a><\/figure>\n<\/div>\n<\/div>\n\n\n\n<p class=\"has-text-align-center\">Jeg er folkeskolel\u00e6rer i hjertet. Jeg br\u00e6nder for at give eleverne sp\u00e6ndende undervisning af h\u00f8j kvalitet. Det betyder meget for mig at m\u00f8de eleverne der hvor de er, p\u00e5 den m\u00e5de de l\u00e6rer bedst p\u00e5 og med et positivt og udviklende mindset.&nbsp;<br>Jeg er passioneret matematikvejleder og \u00f8nsker at g\u00f8re en forskel der r\u00e6kker ud over min egen undervisning.&nbsp;<br>Jeg \u00f8nsker derved at bidrage til en udvikling af matematikfaget gennem vidensdeling og udvikling af nye undervisningsmaterialer.<\/p>\n\n\n\n<p><\/p>\n\n\n\n<p class=\"has-text-align-center\">Er du nysgerrig p\u00e5 Reflex, s\u00e5 klik ind her under og l\u00e6s mere. <br>Her har jeg blandt andet samlet indholdoversigter til alle Reflexb\u00f8gerne.<\/p>\n\n\n\n<div class=\"wp-block-columns is-layout-flex wp-container-core-columns-is-layout-28f84493 wp-block-columns-is-layout-flex\">\n<div class=\"wp-block-column is-layout-flow wp-block-column-is-layout-flow\" style=\"flex-basis:25%\"><\/div>\n\n\n\n<div class=\"wp-block-column is-layout-flow wp-block-column-is-layout-flow\" style=\"flex-basis:50%\">\n<figure class=\"wp-block-image size-large\"><a href=\"https:\/\/acweber.dk\/index.php\/reflex\/\"><img loading=\"lazy\" decoding=\"async\" width=\"1024\" height=\"175\" src=\"https:\/\/acweber.dk\/wp-content\/uploads\/2025\/03\/Forside-og-header-3-2-1024x175.jpg\" alt=\"\" class=\"wp-image-913\" srcset=\"https:\/\/acweber.dk\/wp-content\/uploads\/2025\/03\/Forside-og-header-3-2-1024x175.jpg 1024w, https:\/\/acweber.dk\/wp-content\/uploads\/2025\/03\/Forside-og-header-3-2-300x51.jpg 300w, https:\/\/acweber.dk\/wp-content\/uploads\/2025\/03\/Forside-og-header-3-2-768x132.jpg 768w, https:\/\/acweber.dk\/wp-content\/uploads\/2025\/03\/Forside-og-header-3-2.jpg 1080w\" sizes=\"auto, (max-width: 1024px) 100vw, 1024px\" \/><\/a><\/figure>\n<\/div>\n\n\n\n<div class=\"wp-block-column is-layout-flow wp-block-column-is-layout-flow\" style=\"flex-basis:25%\"><\/div>\n<\/div>\n\n\n\n<div class=\"wp-block-columns is-layout-flex wp-container-core-columns-is-layout-28f84493 wp-block-columns-is-layout-flex\">\n<div class=\"wp-block-column is-layout-flow wp-block-column-is-layout-flow\"><\/div>\n\n\n\n<div class=\"wp-block-column is-layout-flow wp-block-column-is-layout-flow\"><\/div>\n\n\n\n<div class=\"wp-block-column is-layout-flow wp-block-column-is-layout-flow\"><\/div>\n<\/div>\n\n\n\n<p><\/p>\n\n\n\n<h4 class=\"wp-block-heading\"><strong>Anbefalinger fra kurser og opl\u00e6g<\/strong><\/h4>\n\n\n\n<div class=\"wp-block-columns is-layout-flex wp-container-core-columns-is-layout-28f84493 wp-block-columns-is-layout-flex\">\n<div class=\"wp-block-column is-layout-flow wp-block-column-is-layout-flow\">\n<figure class=\"wp-block-image size-large\"><img loading=\"lazy\" decoding=\"async\" width=\"1024\" height=\"683\" src=\"https:\/\/acweber.dk\/wp-content\/uploads\/2023\/09\/Anbefaling-aarhus-1024x683.png\" alt=\"\" class=\"wp-image-180\" srcset=\"https:\/\/acweber.dk\/wp-content\/uploads\/2023\/09\/Anbefaling-aarhus-1024x683.png 1024w, https:\/\/acweber.dk\/wp-content\/uploads\/2023\/09\/Anbefaling-aarhus-300x200.png 300w, https:\/\/acweber.dk\/wp-content\/uploads\/2023\/09\/Anbefaling-aarhus-768x512.png 768w, https:\/\/acweber.dk\/wp-content\/uploads\/2023\/09\/Anbefaling-aarhus.png 1500w\" sizes=\"auto, (max-width: 1024px) 100vw, 1024px\" \/><\/figure>\n<\/div>\n\n\n\n<div class=\"wp-block-column is-layout-flow wp-block-column-is-layout-flow\">\n<figure class=\"wp-block-image size-large\"><img loading=\"lazy\" decoding=\"async\" width=\"1024\" height=\"683\" src=\"https:\/\/acweber.dk\/wp-content\/uploads\/2023\/09\/Anbefaling-dyssegaard-1024x683.png\" alt=\"\" class=\"wp-image-181\" srcset=\"https:\/\/acweber.dk\/wp-content\/uploads\/2023\/09\/Anbefaling-dyssegaard-1024x683.png 1024w, https:\/\/acweber.dk\/wp-content\/uploads\/2023\/09\/Anbefaling-dyssegaard-300x200.png 300w, https:\/\/acweber.dk\/wp-content\/uploads\/2023\/09\/Anbefaling-dyssegaard-768x512.png 768w, https:\/\/acweber.dk\/wp-content\/uploads\/2023\/09\/Anbefaling-dyssegaard.png 1500w\" sizes=\"auto, (max-width: 1024px) 100vw, 1024px\" \/><\/figure>\n<\/div>\n<\/div>\n\n\n\n<div class=\"wp-block-columns is-layout-flex wp-container-core-columns-is-layout-28f84493 wp-block-columns-is-layout-flex\">\n<div class=\"wp-block-column is-layout-flow wp-block-column-is-layout-flow\">\n<figure class=\"wp-block-image size-large\"><img loading=\"lazy\" decoding=\"async\" width=\"1024\" height=\"683\" src=\"https:\/\/acweber.dk\/wp-content\/uploads\/2025\/03\/Anbefalinger-Harloese-1024x683.png\" alt=\"\" class=\"wp-image-921\" srcset=\"https:\/\/acweber.dk\/wp-content\/uploads\/2025\/03\/Anbefalinger-Harloese-1024x683.png 1024w, https:\/\/acweber.dk\/wp-content\/uploads\/2025\/03\/Anbefalinger-Harloese-300x200.png 300w, https:\/\/acweber.dk\/wp-content\/uploads\/2025\/03\/Anbefalinger-Harloese-768x512.png 768w, https:\/\/acweber.dk\/wp-content\/uploads\/2025\/03\/Anbefalinger-Harloese.png 1500w\" sizes=\"auto, (max-width: 1024px) 100vw, 1024px\" \/><\/figure>\n<\/div>\n\n\n\n<div class=\"wp-block-column is-layout-flow wp-block-column-is-layout-flow\">\n<figure class=\"wp-block-image size-large\"><img loading=\"lazy\" decoding=\"async\" width=\"1024\" height=\"683\" src=\"https:\/\/acweber.dk\/wp-content\/uploads\/2026\/03\/Anbefaling-Holstebro-1024x683.png\" alt=\"\" class=\"wp-image-1266\" srcset=\"https:\/\/acweber.dk\/wp-content\/uploads\/2026\/03\/Anbefaling-Holstebro-1024x683.png 1024w, https:\/\/acweber.dk\/wp-content\/uploads\/2026\/03\/Anbefaling-Holstebro-300x200.png 300w, https:\/\/acweber.dk\/wp-content\/uploads\/2026\/03\/Anbefaling-Holstebro-768x512.png 768w, https:\/\/acweber.dk\/wp-content\/uploads\/2026\/03\/Anbefaling-Holstebro.png 1500w\" sizes=\"auto, (max-width: 1024px) 100vw, 1024px\" \/><\/figure>\n<\/div>\n<\/div>\n","protected":false},"excerpt":{"rendered":"<p>Jeg er folkeskolel\u00e6rer i hjertet. Jeg br\u00e6nder for at give eleverne sp\u00e6ndende undervisning af h\u00f8j kvalitet. Det betyder meget for mig at m\u00f8de eleverne der hvor de er, p\u00e5 den m\u00e5de de l\u00e6rer bedst p\u00e5 og med et positivt og udviklende mindset.&nbsp;Jeg er passioneret matematikvejleder og \u00f8nsker at g\u00f8re en forskel der r\u00e6kker ud over [&hellip;]<\/p>\n","protected":false},"author":2,"featured_media":162,"parent":0,"menu_order":0,"comment_status":"closed","ping_status":"closed","template":"","meta":{"footnotes":""},"class_list":["post-54","page","type-page","status-publish","has-post-thumbnail","hentry"],"_links":{"self":[{"href":"https:\/\/acweber.dk\/index.php\/wp-json\/wp\/v2\/pages\/54","targetHints":{"allow":["GET"]}}],"collection":[{"href":"https:\/\/acweber.dk\/index.php\/wp-json\/wp\/v2\/pages"}],"about":[{"href":"https:\/\/acweber.dk\/index.php\/wp-json\/wp\/v2\/types\/page"}],"author":[{"embeddable":true,"href":"https:\/\/acweber.dk\/index.php\/wp-json\/wp\/v2\/users\/2"}],"replies":[{"embeddable":true,"href":"https:\/\/acweber.dk\/index.php\/wp-json\/wp\/v2\/comments?post=54"}],"version-history":[{"count":36,"href":"https:\/\/acweber.dk\/index.php\/wp-json\/wp\/v2\/pages\/54\/revisions"}],"predecessor-version":[{"id":1267,"href":"https:\/\/acweber.dk\/index.php\/wp-json\/wp\/v2\/pages\/54\/revisions\/1267"}],"wp:featuredmedia":[{"embeddable":true,"href":"https:\/\/acweber.dk\/index.php\/wp-json\/wp\/v2\/media\/162"}],"wp:attachment":[{"href":"https:\/\/acweber.dk\/index.php\/wp-json\/wp\/v2\/media?parent=54"}],"curies":[{"name":"wp","href":"https:\/\/api.w.org\/{rel}","templated":true}]}}