{"id":655,"date":"2024-01-18T17:17:19","date_gmt":"2024-01-18T16:17:19","guid":{"rendered":"https:\/\/acweber.dk\/?page_id=655"},"modified":"2026-04-02T10:02:36","modified_gmt":"2026-04-02T08:02:36","slug":"oplaeg","status":"publish","type":"page","link":"https:\/\/acweber.dk\/index.php\/oplaeg\/","title":{"rendered":"Opl\u00e6g og kurser"},"content":{"rendered":"\n<p>Jeg holder kurser, opl\u00e6g og workshops. Jeg er optaget af at f\u00e5 teori og praksis til at spille sammen og f\u00e5 det omsat til konkrete ideer og som indspark til en alsidig og kreativ undervisning. Jeg har mange \u00e5rs erfaring som matematikl\u00e6rer og matematikvejleder og vil bringe min viden og erfaring i spil i mine opl\u00e6g. <br>Jeg har fokus p\u00e5 i mine kurser at der b\u00e5de er opl\u00e6g, refleksioner og inspiration til konkrete ideer til undervisningen.<\/p>\n\n\n\n<p>Se nedenfor for om der er emner og omr\u00e5der der kunne have interesse eller kontakt mig for et mere specifikt \u00f8nske.<\/p>\n\n\n\n<div class=\"wp-block-columns is-layout-flex wp-container-core-columns-is-layout-28f84493 wp-block-columns-is-layout-flex\">\n<div class=\"wp-block-column is-layout-flow wp-block-column-is-layout-flow\">\n<figure class=\"wp-block-image size-large\"><img loading=\"lazy\" decoding=\"async\" width=\"1024\" height=\"1024\" src=\"https:\/\/acweber.dk\/wp-content\/uploads\/2025\/12\/Oplaeg-Familiematematik-1024x1024.png\" alt=\"\" class=\"wp-image-1141\" srcset=\"https:\/\/acweber.dk\/wp-content\/uploads\/2025\/12\/Oplaeg-Familiematematik-1024x1024.png 1024w, https:\/\/acweber.dk\/wp-content\/uploads\/2025\/12\/Oplaeg-Familiematematik-300x300.png 300w, https:\/\/acweber.dk\/wp-content\/uploads\/2025\/12\/Oplaeg-Familiematematik-150x150.png 150w, https:\/\/acweber.dk\/wp-content\/uploads\/2025\/12\/Oplaeg-Familiematematik-768x768.png 768w, https:\/\/acweber.dk\/wp-content\/uploads\/2025\/12\/Oplaeg-Familiematematik.png 1350w\" sizes=\"auto, (max-width: 1024px) 100vw, 1024px\" \/><\/figure>\n\n\n\n<figure class=\"wp-block-image size-large\"><img loading=\"lazy\" decoding=\"async\" width=\"1024\" height=\"1024\" src=\"https:\/\/acweber.dk\/wp-content\/uploads\/2026\/04\/Oplaeg-Reflex-1024x1024.png\" alt=\"\" class=\"wp-image-1370\" srcset=\"https:\/\/acweber.dk\/wp-content\/uploads\/2026\/04\/Oplaeg-Reflex-1024x1024.png 1024w, https:\/\/acweber.dk\/wp-content\/uploads\/2026\/04\/Oplaeg-Reflex-300x300.png 300w, https:\/\/acweber.dk\/wp-content\/uploads\/2026\/04\/Oplaeg-Reflex-150x150.png 150w, https:\/\/acweber.dk\/wp-content\/uploads\/2026\/04\/Oplaeg-Reflex-768x768.png 768w, https:\/\/acweber.dk\/wp-content\/uploads\/2026\/04\/Oplaeg-Reflex.png 1350w\" sizes=\"auto, (max-width: 1024px) 100vw, 1024px\" \/><\/figure>\n\n\n\n<figure class=\"wp-block-image size-large\"><img loading=\"lazy\" decoding=\"async\" width=\"1024\" height=\"1024\" src=\"https:\/\/acweber.dk\/wp-content\/uploads\/2026\/04\/Oplaeg-Konkrete-materialer1-1024x1024.png\" alt=\"\" class=\"wp-image-1369\" srcset=\"https:\/\/acweber.dk\/wp-content\/uploads\/2026\/04\/Oplaeg-Konkrete-materialer1-1024x1024.png 1024w, https:\/\/acweber.dk\/wp-content\/uploads\/2026\/04\/Oplaeg-Konkrete-materialer1-300x300.png 300w, https:\/\/acweber.dk\/wp-content\/uploads\/2026\/04\/Oplaeg-Konkrete-materialer1-150x150.png 150w, https:\/\/acweber.dk\/wp-content\/uploads\/2026\/04\/Oplaeg-Konkrete-materialer1-768x768.png 768w, https:\/\/acweber.dk\/wp-content\/uploads\/2026\/04\/Oplaeg-Konkrete-materialer1.png 1350w\" sizes=\"auto, (max-width: 1024px) 100vw, 1024px\" \/><\/figure>\n<\/div>\n\n\n\n<div class=\"wp-block-column is-layout-flow wp-block-column-is-layout-flow\">\n<figure class=\"wp-block-image size-large\"><img loading=\"lazy\" decoding=\"async\" width=\"1024\" height=\"1024\" src=\"https:\/\/acweber.dk\/wp-content\/uploads\/2026\/04\/Oplaeg-Talforstaaelse1-1024x1024.png\" alt=\"\" class=\"wp-image-1368\" srcset=\"https:\/\/acweber.dk\/wp-content\/uploads\/2026\/04\/Oplaeg-Talforstaaelse1-1024x1024.png 1024w, https:\/\/acweber.dk\/wp-content\/uploads\/2026\/04\/Oplaeg-Talforstaaelse1-300x300.png 300w, https:\/\/acweber.dk\/wp-content\/uploads\/2026\/04\/Oplaeg-Talforstaaelse1-150x150.png 150w, https:\/\/acweber.dk\/wp-content\/uploads\/2026\/04\/Oplaeg-Talforstaaelse1-768x768.png 768w, https:\/\/acweber.dk\/wp-content\/uploads\/2026\/04\/Oplaeg-Talforstaaelse1.png 1350w\" sizes=\"auto, (max-width: 1024px) 100vw, 1024px\" \/><\/figure>\n\n\n\n<figure class=\"wp-block-image size-large\"><img loading=\"lazy\" decoding=\"async\" width=\"1024\" height=\"1024\" src=\"https:\/\/acweber.dk\/wp-content\/uploads\/2025\/12\/Oplaeg-Begreber-1024x1024.png\" alt=\"\" class=\"wp-image-1142\" srcset=\"https:\/\/acweber.dk\/wp-content\/uploads\/2025\/12\/Oplaeg-Begreber-1024x1024.png 1024w, https:\/\/acweber.dk\/wp-content\/uploads\/2025\/12\/Oplaeg-Begreber-300x300.png 300w, https:\/\/acweber.dk\/wp-content\/uploads\/2025\/12\/Oplaeg-Begreber-150x150.png 150w, https:\/\/acweber.dk\/wp-content\/uploads\/2025\/12\/Oplaeg-Begreber-768x768.png 768w, https:\/\/acweber.dk\/wp-content\/uploads\/2025\/12\/Oplaeg-Begreber.png 1350w\" sizes=\"auto, (max-width: 1024px) 100vw, 1024px\" \/><\/figure>\n\n\n\n<figure class=\"wp-block-image size-large\"><img loading=\"lazy\" decoding=\"async\" width=\"1024\" height=\"1024\" src=\"https:\/\/acweber.dk\/wp-content\/uploads\/2026\/02\/Oplaeg-Matematik-alle-vegne-1024x1024.png\" alt=\"\" class=\"wp-image-1202\" srcset=\"https:\/\/acweber.dk\/wp-content\/uploads\/2026\/02\/Oplaeg-Matematik-alle-vegne-1024x1024.png 1024w, https:\/\/acweber.dk\/wp-content\/uploads\/2026\/02\/Oplaeg-Matematik-alle-vegne-300x300.png 300w, https:\/\/acweber.dk\/wp-content\/uploads\/2026\/02\/Oplaeg-Matematik-alle-vegne-150x150.png 150w, https:\/\/acweber.dk\/wp-content\/uploads\/2026\/02\/Oplaeg-Matematik-alle-vegne-768x768.png 768w, https:\/\/acweber.dk\/wp-content\/uploads\/2026\/02\/Oplaeg-Matematik-alle-vegne.png 1350w\" sizes=\"auto, (max-width: 1024px) 100vw, 1024px\" \/><\/figure>\n<\/div>\n<\/div>\n","protected":false},"excerpt":{"rendered":"<p>Jeg holder kurser, opl\u00e6g og workshops. Jeg er optaget af at f\u00e5 teori og praksis til at spille sammen og f\u00e5 det omsat til konkrete ideer og som indspark til en alsidig og kreativ undervisning. Jeg har mange \u00e5rs erfaring som matematikl\u00e6rer og matematikvejleder og vil bringe min viden og erfaring i spil i mine [&hellip;]<\/p>\n","protected":false},"author":2,"featured_media":659,"parent":0,"menu_order":0,"comment_status":"closed","ping_status":"closed","template":"","meta":{"footnotes":""},"class_list":["post-655","page","type-page","status-publish","has-post-thumbnail","hentry"],"_links":{"self":[{"href":"https:\/\/acweber.dk\/index.php\/wp-json\/wp\/v2\/pages\/655","targetHints":{"allow":["GET"]}}],"collection":[{"href":"https:\/\/acweber.dk\/index.php\/wp-json\/wp\/v2\/pages"}],"about":[{"href":"https:\/\/acweber.dk\/index.php\/wp-json\/wp\/v2\/types\/page"}],"author":[{"embeddable":true,"href":"https:\/\/acweber.dk\/index.php\/wp-json\/wp\/v2\/users\/2"}],"replies":[{"embeddable":true,"href":"https:\/\/acweber.dk\/index.php\/wp-json\/wp\/v2\/comments?post=655"}],"version-history":[{"count":20,"href":"https:\/\/acweber.dk\/index.php\/wp-json\/wp\/v2\/pages\/655\/revisions"}],"predecessor-version":[{"id":1372,"href":"https:\/\/acweber.dk\/index.php\/wp-json\/wp\/v2\/pages\/655\/revisions\/1372"}],"wp:featuredmedia":[{"embeddable":true,"href":"https:\/\/acweber.dk\/index.php\/wp-json\/wp\/v2\/media\/659"}],"wp:attachment":[{"href":"https:\/\/acweber.dk\/index.php\/wp-json\/wp\/v2\/media?parent=655"}],"curies":[{"name":"wp","href":"https:\/\/api.w.org\/{rel}","templated":true}]}}