{"id":860,"date":"2025-03-10T21:36:22","date_gmt":"2025-03-10T20:36:22","guid":{"rendered":"https:\/\/acweber.dk\/?page_id=860"},"modified":"2025-03-21T21:31:59","modified_gmt":"2025-03-21T20:31:59","slug":"reflex","status":"publish","type":"page","link":"https:\/\/acweber.dk\/index.php\/reflex\/","title":{"rendered":"Reflex"},"content":{"rendered":"\n<h2 class=\"wp-block-heading\">Reflex<\/h2>\n\n\n\n<div class=\"wp-block-columns is-layout-flex wp-container-core-columns-is-layout-28f84493 wp-block-columns-is-layout-flex\">\n<div class=\"wp-block-column is-layout-flow wp-block-column-is-layout-flow\" style=\"flex-basis:66.66%\">\n<p><\/p>\n\n\n\n<p>Sammen med <em>Marie Proschowsky <\/em>og<em> Dorte Vestergaard Hansen<\/em> er jeg forfatter p\u00e5 grundsystemet Reflex. Det er et banebrydende matematiksystem, hvor eleverne g\u00e5r p\u00e5 opdagelse, unders\u00f8ger og leger sig til nye faglige indsigter og matematiske kompetencer. <br>Med Reflex kan du skabe den gode l\u00e6ringskultur, hvor vejen til facit er lige s\u00e5 vigtig som resultatet. Eleverne skal komme med forslag, de skal lytte til andres l\u00f8sninger og sammen reflektere over matematikken. Alle kan byde ind, og alle kan v\u00e6re med<\/p>\n<\/div>\n\n\n\n<div class=\"wp-block-column is-layout-flow wp-block-column-is-layout-flow\" style=\"flex-basis:33.33%\">\n<figure class=\"wp-block-image size-large\"><img loading=\"lazy\" decoding=\"async\" width=\"1024\" height=\"1015\" src=\"https:\/\/acweber.dk\/wp-content\/uploads\/2023\/09\/Reflex-1024x1015.jpg\" alt=\"\" class=\"wp-image-32\" srcset=\"https:\/\/acweber.dk\/wp-content\/uploads\/2023\/09\/Reflex-1024x1015.jpg 1024w, https:\/\/acweber.dk\/wp-content\/uploads\/2023\/09\/Reflex-300x297.jpg 300w, https:\/\/acweber.dk\/wp-content\/uploads\/2023\/09\/Reflex-150x150.jpg 150w, https:\/\/acweber.dk\/wp-content\/uploads\/2023\/09\/Reflex-768x761.jpg 768w, https:\/\/acweber.dk\/wp-content\/uploads\/2023\/09\/Reflex.jpg 1170w\" sizes=\"auto, (max-width: 1024px) 100vw, 1024px\" \/><\/figure>\n<\/div>\n<\/div>\n\n\n\n<div class=\"wp-block-columns is-layout-flex wp-container-core-columns-is-layout-28f84493 wp-block-columns-is-layout-flex\">\n<div class=\"wp-block-column is-layout-flow wp-block-column-is-layout-flow\">\n<figure class=\"wp-block-image size-large\"><a href=\"https:\/\/acweber.dk\/index.php\/indhold-i-reflex\/\"><img loading=\"lazy\" decoding=\"async\" width=\"1024\" height=\"1024\" src=\"https:\/\/acweber.dk\/wp-content\/uploads\/2025\/03\/Indhold-i-Reflex-ikon-billede-1024x1024.jpg\" alt=\"\" class=\"wp-image-890\" srcset=\"https:\/\/acweber.dk\/wp-content\/uploads\/2025\/03\/Indhold-i-Reflex-ikon-billede-1024x1024.jpg 1024w, https:\/\/acweber.dk\/wp-content\/uploads\/2025\/03\/Indhold-i-Reflex-ikon-billede-300x300.jpg 300w, https:\/\/acweber.dk\/wp-content\/uploads\/2025\/03\/Indhold-i-Reflex-ikon-billede-150x150.jpg 150w, https:\/\/acweber.dk\/wp-content\/uploads\/2025\/03\/Indhold-i-Reflex-ikon-billede-768x768.jpg 768w, https:\/\/acweber.dk\/wp-content\/uploads\/2025\/03\/Indhold-i-Reflex-ikon-billede.jpg 1080w\" sizes=\"auto, (max-width: 1024px) 100vw, 1024px\" \/><\/a><\/figure>\n<\/div>\n\n\n\n<div class=\"wp-block-column is-layout-flow wp-block-column-is-layout-flow\">\n<p><\/p>\n\n\n\n<p>Er du nysgerrig p\u00e5 Reflex, kan du her finde indholdsoversigter til alle Reflexb\u00f8gerne. <\/p>\n\n\n\n<p>I den enkelte indholdsoversigt er bogens kapitler i overskrifter, samt de faglige begreber der arbejdes med i det enkelte kapitel. <\/p>\n<\/div>\n\n\n\n<div class=\"wp-block-column is-layout-flow wp-block-column-is-layout-flow\"><\/div>\n<\/div>\n","protected":false},"excerpt":{"rendered":"<p>Reflex Sammen med Marie Proschowsky og Dorte Vestergaard Hansen er jeg forfatter p\u00e5 grundsystemet Reflex. Det er et banebrydende matematiksystem, hvor eleverne g\u00e5r p\u00e5 opdagelse, unders\u00f8ger og leger sig til nye faglige indsigter og matematiske kompetencer. Med Reflex kan du skabe den gode l\u00e6ringskultur, hvor vejen til facit er lige s\u00e5 vigtig som resultatet. Eleverne [&hellip;]<\/p>\n","protected":false},"author":2,"featured_media":0,"parent":0,"menu_order":0,"comment_status":"closed","ping_status":"closed","template":"","meta":{"footnotes":""},"class_list":["post-860","page","type-page","status-publish","hentry"],"_links":{"self":[{"href":"https:\/\/acweber.dk\/index.php\/wp-json\/wp\/v2\/pages\/860","targetHints":{"allow":["GET"]}}],"collection":[{"href":"https:\/\/acweber.dk\/index.php\/wp-json\/wp\/v2\/pages"}],"about":[{"href":"https:\/\/acweber.dk\/index.php\/wp-json\/wp\/v2\/types\/page"}],"author":[{"embeddable":true,"href":"https:\/\/acweber.dk\/index.php\/wp-json\/wp\/v2\/users\/2"}],"replies":[{"embeddable":true,"href":"https:\/\/acweber.dk\/index.php\/wp-json\/wp\/v2\/comments?post=860"}],"version-history":[{"count":12,"href":"https:\/\/acweber.dk\/index.php\/wp-json\/wp\/v2\/pages\/860\/revisions"}],"predecessor-version":[{"id":898,"href":"https:\/\/acweber.dk\/index.php\/wp-json\/wp\/v2\/pages\/860\/revisions\/898"}],"wp:attachment":[{"href":"https:\/\/acweber.dk\/index.php\/wp-json\/wp\/v2\/media?parent=860"}],"curies":[{"name":"wp","href":"https:\/\/api.w.org\/{rel}","templated":true}]}}